{"id":11,"date":"2020-01-13T08:26:18","date_gmt":"2020-01-13T08:26:18","guid":{"rendered":"http:\/\/apmad.fr\/?page_id=11"},"modified":"2025-10-19T14:35:52","modified_gmt":"2025-10-19T13:35:52","slug":"association","status":"publish","type":"page","link":"https:\/\/apmad.fr\/?page_id=11","title":{"rendered":"ASSOCIATION"},"content":{"rendered":"\t\t<div data-elementor-type=\"wp-page\" data-elementor-id=\"11\" class=\"elementor elementor-11\">\n\t\t\t\t\t\t<section class=\"elementor-section elementor-top-section elementor-element elementor-element-61d74c14 elementor-section-boxed elementor-section-height-default elementor-section-height-default\" data-id=\"61d74c14\" data-element_type=\"section\">\n\t\t\t\t\t\t<div class=\"elementor-container elementor-column-gap-default\">\n\t\t\t\t\t<div class=\"elementor-column elementor-col-100 elementor-top-column elementor-element elementor-element-1a958c9a\" data-id=\"1a958c9a\" data-element_type=\"column\">\n\t\t\t<div class=\"elementor-widget-wrap elementor-element-populated\">\n\t\t\t\t\t\t<div class=\"elementor-element elementor-element-7ad0d3b elementor-widget elementor-widget-text-editor\" data-id=\"7ad0d3b\" data-element_type=\"widget\" data-widget_type=\"text-editor.default\">\n\t\t\t\t<div class=\"elementor-widget-container\">\n\t\t\t\t\t\t\t<p><!-- wp:heading {\"level\":5} --><\/p>\n<h5>&gt; L&#8217;ASSOCATION<\/h5>\n<p><!-- \/wp:heading --><\/p>\n<p><!-- wp:paragraph {\"customTextColor\":\"#008d9e\"} --><\/p>\n<p class=\"has-text-color\" style=\"color: #008d9e;\"><strong>L&#8217;APMAD<\/strong><\/p>\n<p><!-- \/wp:paragraph --><\/p>\n<p><!-- wp:paragraph --><\/p>\n<p>L&#8217;APMAD &#8211; Association Pour le Maintien A Domicile &#8211; est une association r\u00e9gie par la Loi de 1901, cr\u00e9\u00e9e en 1982 et qui intervient dans le champ m\u00e9dico social du secteur solidaire, c&#8217;est-\u00e0-dire \u00e0 but non lucratif. Elle r\u00e9pond \u00e0 une mission d&#8217;utilit\u00e9 sociale.<\/p>\n<p><!-- \/wp:paragraph --><\/p>\n<p><!-- wp:paragraph --><\/p>\n<p>Elle inscrit son action sur un territoire pertinent dans le cadre de son ouverture \u00e0 et sur son environnement dans un contexte en \u00e9volution.<\/p>\n<p><!-- \/wp:paragraph --><\/p>\n<p><!-- wp:paragraph --><\/p>\n<p>Elle g\u00e8re actuellement un mono \u00e9tablissement, le Service de Soins Infirmiers A Domicile.<\/p>\n<p><!-- \/wp:paragraph --><\/p>\n<p><!-- wp:button {\"customBackgroundColor\":\"#008d9e\",\"align\":\"center\",\"className\":\"is-style-default\"} --><\/p>\n<div class=\"wp-block-button aligncenter is-style-default\"><a class=\"wp-block-button__link has-background\" style=\"background-color: #008d9e;\" href=\"http:\/\/apmad.fr\/?page_id=12\">En savoir plus<\/a><\/div>\n<p><!-- \/wp:button --><\/p>\n<p><!-- wp:paragraph {\"customTextColor\":\"#008d9e\"} --><\/p>\n<p class=\"has-text-color\" style=\"color: #008d9e;\"><strong>SON OBJET<\/strong><\/p>\n<p><!-- \/wp:paragraph --><\/p>\n<p><!-- wp:paragraph --><\/p>\n<p>Art 3 des statuts.<\/p>\n<p><!-- \/wp:paragraph --><\/p>\n<p><!-- wp:paragraph --><\/p>\n<p>Le maintien \u00e0 domicile des personnes d\u00e9pendantes soit \u00e2g\u00e9es de 60 ans et plus, soit de moins de 60 ans en situation de handicap, soit \u00e0 toute personne de tout \u00e2ge, vuln\u00e9rable ou non, qui rencontrent des difficult\u00e9s temporaires ou permanentes et faisant le choix de rester dans son environnement habituel. L&#8217;association peut cr\u00e9er, \u00e9tendre et\/ou transformer ses activit\u00e9s se rattachant directement ou indirectement \u00e0 son objet.<\/p>\n<p><!-- \/wp:paragraph --><\/p>\n<p><!-- wp:paragraph {\"customTextColor\":\"#008d9e\"} --><\/p>\n<p class=\"has-text-color\" style=\"color: #008d9e;\"><strong>SON CONSEIL D&#8217;ADMINISTRATION<\/strong><\/p>\n<p><!-- \/wp:paragraph --><\/p>\n<p><!-- wp:list --><\/p>\n<ul>\n<li>Pr\u00e9sidente : H\u00e9l\u00e8ne DECLERCQ<\/li>\n<li>Vice Pr\u00e9sidente : Christiane BREARD<\/li>\n<li>Tr\u00e9sorier : Daniel LE BRET<\/li>\n<li>Secr\u00e9taire : Fran\u00e7ois PETITBON<\/li>\n<li>Membres :\u00a0 Fran\u00e7oise LABBE &#8211; Chantal LE BRET<\/li>\n<\/ul>\n<p><!-- \/wp:list --><\/p>\n<p><!-- wp:paragraph {\"customTextColor\":\"#008d9e\"} --><\/p>\n<p class=\"has-text-color\" style=\"color: #008d9e;\"><strong>SON ORGANIGRAMME\u00a0\u00a0<\/strong><\/p>\n<p class=\"has-text-color\" style=\"color: #008d9e;\"><strong>\u00a0 \u00a0 \u00a0 \u00a0 \u00a0 \u00a0 \u00a0 <\/strong>\u00a0Direction : Julianne BOTHEREL<\/p>\n<p class=\"has-text-color\" style=\"color: #008d9e;\">\u00a0 \u00a0 \u00a0 \u00a0 \u00a0 \u00a0 \u00a0 \u00a0Infirmi\u00e8re Coordinatrice : Priscilla COMENT\u00a0 \u00a0 <strong>\u00a0 \u00a0 \u00a0 \u00a0 \u00a0 \u00a0 \u00a0 \u00a0 \u00a0 \u00a0 \u00a0 \u00a0 \u00a0 \u00a0\u00a0<\/strong> \u00a0 \u00a0<strong>\u00a0 \u00a0 \u00a0 \u00a0 \u00a0 \u00a0\u00a0<\/strong><\/p>\n<p class=\"has-text-color\" style=\"color: #008d9e;\"><strong>\u00a0 \u00a0 \u00a0 \u00a0\u00a0<\/strong><\/p>\n<p><!-- \/wp:paragraph --><\/p>\n<p><!-- wp:image {\"id\":100} --><\/p>\n<figure class=\"wp-block-image\"><\/figure>\n<p><!-- \/wp:image --><\/p>\n<p><!-- wp:paragraph {\"customTextColor\":\"#008d9e\"} --><\/p>\n<p class=\"has-text-color\" style=\"color: #008d9e;\"><strong>SON PROJET ASSOCIATIF\u00a0 \u00a0 \u00a0 \u00a0 \u00a0 \u00a0 \u00a0 \u00a0<\/strong><\/p>\n<p><!-- \/wp:paragraph --><\/p>\n<p><!-- wp:paragraph --><\/p>\n<p>Le <b>3\u00e8me Projet Associatif pour 2024-2028<\/b>\u00a0 est adopt\u00e9 en Assembl\u00e9e G\u00e9n\u00e9rale du 4 avril 2024 et porte sur les 2 orientations suivantes<\/p>\n<p>\u00a0 \u00a0 \u00a0 \u00a0 \u00a0 \u00a0 \u00a0 \u00a0&#8211; <b>Re\/consolider les bases de l&#8217;organisation :\u00a0 <\/b>garantir l&#8217;ad\u00e9quation entre la situation actuelle et les besoins recens\u00e9s pour relancer l&#8217;activit\u00e9. S&#8217;inscrire dans la trajectoire des politiques publiques<\/p>\n<p>\u00a0 \u00a0 \u00a0 \u00a0 \u00a0 \u00a0 \u00a0 \u00a0&#8211; <b>Construire ensemble pour \u00eatre plus forts :\u00a0 <\/b>co-construire pour r\u00e9pondre aux besoins des personnes accompagn\u00e9es, du territoire et aux politiques publiques.<\/p>\n<p><!-- \/wp:list --><\/p>\n<p><!-- wp:paragraph --><\/p>\n<p>\u00a0L&#8217;\u00e9valuation annuelle du Projet lui garantit son bon d\u00e9roulement pour conduire les actions \u00e0 terme.<\/p>\n<p><!-- \/wp:paragraph --><\/p>\t\t\t\t\t\t<\/div>\n\t\t\t\t<\/div>\n\t\t\t\t<div class=\"elementor-element elementor-element-db41df5 elementor-widget elementor-widget-text-editor\" data-id=\"db41df5\" data-element_type=\"widget\" data-widget_type=\"text-editor.default\">\n\t\t\t\t<div class=\"elementor-widget-container\">\n\t\t\t\t\t\t\t<p><!-- wp:heading {\"level\":5} --><\/p>\n<h5>&gt;\u00a0<\/h5>\n<p><!-- \/wp:paragraph --><\/p>\t\t\t\t\t\t<\/div>\n\t\t\t\t<\/div>\n\t\t\t\t<div class=\"elementor-element elementor-element-5f690cd elementor-widget elementor-widget-text-editor\" data-id=\"5f690cd\" data-element_type=\"widget\" data-widget_type=\"text-editor.default\">\n\t\t\t\t<div class=\"elementor-widget-container\">\n\t\t\t\t\t\t\t<p><!-- wp:heading {\"level\":5} --><\/p>\n<h5><span style=\"color: var( --e-global-color-text ); font-family: var( --e-global-typography-text-font-family ), Sans-serif; font-weight: var( --e-global-typography-text-font-weight ); font-size: 16px; letter-spacing: 0px;\">.<\/span><\/h5>\n<p><!-- \/wp:paragraph --><\/p>\n<p><!-- wp:button {\"customBackgroundColor\":\"#008d9e\",\"align\":\"center\",\"className\":\"is-style-default\"} --><\/p>\n<div class=\"wp-block-button aligncenter is-style-default\">\u00a0<\/div>\n<p class=\"has-text-color\" style=\"color: #008d9e;\"><strong>\u00a0 \u00a0 \u00a0 \u00a0 \u00a0 \u00a0 \u00a0 \u00a0 \u00a0 \u00a0 \u00a0 \u00a0 \u00a0 \u00a0 \u00a0 \u00a0 \u00a0 \u00a0 \u00a0 \u00a0 \u00a0 \u00a0 \u00a0 \u00a0 \u00a0 \u00a0 \u00a0 \u00a0 \u00a0 \u00a0 \u00a0 \u00a0 \u00a0<\/strong><\/p>\n<p class=\"has-text-color\" style=\"color: #008d9e;\"><strong>\u00a0\u00a0<\/strong><\/p>\n<p><!-- \/wp:paragraph --><\/p>\t\t\t\t\t\t<\/div>\n\t\t\t\t<\/div>\n\t\t\t\t\t<\/div>\n\t\t<\/div>\n\t\t\t\t\t<\/div>\n\t\t<\/section>\n\t\t\t\t<\/div>\n\t\t","protected":false},"excerpt":{"rendered":"<p>&gt; L&#8217;ASSOCATION L&#8217;APMAD L&#8217;APMAD &#8211; Association Pour le Maintien A Domicile &#8211; est une association r\u00e9gie par la Loi de 1901, cr\u00e9\u00e9e en 1982 et qui intervient dans le champ m\u00e9dico social du secteur solidaire, c&#8217;est-\u00e0-dire \u00e0 but non lucratif. Elle r\u00e9pond \u00e0 une mission d&#8217;utilit\u00e9 sociale. Elle inscrit son action sur un territoire pertinent [&hellip;]<\/p>\n","protected":false},"author":1,"featured_media":40,"parent":0,"menu_order":2,"comment_status":"closed","ping_status":"closed","template":"","meta":{"footnotes":""},"_links":{"self":[{"href":"https:\/\/apmad.fr\/index.php?rest_route=\/wp\/v2\/pages\/11"}],"collection":[{"href":"https:\/\/apmad.fr\/index.php?rest_route=\/wp\/v2\/pages"}],"about":[{"href":"https:\/\/apmad.fr\/index.php?rest_route=\/wp\/v2\/types\/page"}],"author":[{"embeddable":true,"href":"https:\/\/apmad.fr\/index.php?rest_route=\/wp\/v2\/users\/1"}],"replies":[{"embeddable":true,"href":"https:\/\/apmad.fr\/index.php?rest_route=%2Fwp%2Fv2%2Fcomments&post=11"}],"version-history":[{"count":41,"href":"https:\/\/apmad.fr\/index.php?rest_route=\/wp\/v2\/pages\/11\/revisions"}],"predecessor-version":[{"id":663,"href":"https:\/\/apmad.fr\/index.php?rest_route=\/wp\/v2\/pages\/11\/revisions\/663"}],"wp:featuredmedia":[{"embeddable":true,"href":"https:\/\/apmad.fr\/index.php?rest_route=\/wp\/v2\/media\/40"}],"wp:attachment":[{"href":"https:\/\/apmad.fr\/index.php?rest_route=%2Fwp%2Fv2%2Fmedia&parent=11"}],"curies":[{"name":"wp","href":"https:\/\/api.w.org\/{rel}","templated":true}]}}