{"id":163,"date":"2020-01-13T14:24:16","date_gmt":"2020-01-13T14:24:16","guid":{"rendered":"http:\/\/apmad.fr\/?page_id=163"},"modified":"2020-01-13T14:24:52","modified_gmt":"2020-01-13T14:24:52","slug":"mentions-legales","status":"publish","type":"page","link":"https:\/\/apmad.fr\/?page_id=163","title":{"rendered":"Mentions l\u00e9gales"},"content":{"rendered":"\n<p>L&#8217;utilisation du Site est soumise au respect des conditions g\u00e9n\u00e9rales d&#8217;acc\u00e8s et d&#8217;utilisation d\u00e9taill\u00e9es ci-dessous et des lois applicables en France, notamment concernant la communication sur le r\u00e9seau Internet.<\/p>\n\n\n\n<p style=\"color:#008d9e\" class=\"has-text-color\"><strong>\u2022 CE SITE EST \u00c9DIT\u00c9 PAR :<\/strong><\/p>\n\n\n\n<p>APMAD<br>98 avenue de Fontainebleau 77310 Saint Fargeau-Ponthierry<br>T\u00e9l\u00e9phone : 01.64.38.12.40<br>Directrice de la publication : H\u00e9l\u00e8ne Declercq.<\/p>\n\n\n\n<p style=\"color:#008d9e\" class=\"has-text-color\"><strong>\u2022 CE SITE EST H\u00c9BERG\u00c9 PAR :<\/strong><\/p>\n\n\n\n<p>OVH<br>2 rue Kellermann &#8211; 59100 Roubaix &#8211; France.<\/p>\n\n\n\n<p>Toute personne qui acc\u00e8de au Site s&#8217;engage \u00e0 respecter les pr\u00e9sentes conditions g\u00e9n\u00e9rales d&#8217;utilisation, qui pourront pour certains services \u00eatre compl\u00e9t\u00e9es par des conditions particuli\u00e8res.<br>L&#8217;APMAD se r\u00e9serve le droit de modifier et mettre \u00e0 jour \u00e0 tout moment l&#8217;acc\u00e8s au Site ainsi que les Conditions G\u00e9n\u00e9rales. Ces modifications et mises \u00e0 jour s&#8217;imposent \u00e0 l&#8217;utilisateur qui doit en cons\u00e9quence se r\u00e9f\u00e9rer r\u00e9guli\u00e8rement \u00e0 cette rubrique pour v\u00e9rifier les Conditions G\u00e9n\u00e9rales en vigueur. L&#8217;APMAD se r\u00e9serve le droit de modifier ainsi que de supprimer, tout ou partie du Site et ce, sans pr\u00e9avis et sans avoir \u00e0 en informer pr\u00e9alablement les internautes. Aucune responsabilit\u00e9 de ce fait ne pourra \u00eatre encourue par l&#8217;APMAD.<\/p>\n\n\n\n<p style=\"color:#008d9e\" class=\"has-text-color\"><strong>\u2022 PROPRI\u00c9T\u00c9 INTELLECTUELLE :<\/strong><\/p>\n\n\n\n<p>Les reproductions, sur un support papier ou informatique, du Site et des \u0153uvres et mod\u00e8les qui y sont reproduits sont autoris\u00e9es sous r\u00e9serve qu&#8217;elles soient strictement r\u00e9serv\u00e9es \u00e0 un usage personnel excluant tout usage \u00e0 des fins publicitaires et\/ou commerciales et\/ou qu&#8217;elles soient conformes aux dispositions de l&#8217;article L122-5 du Code de la Propri\u00e9t\u00e9 Intellectuelle. A l&#8217;exception des dispositions ci-dessus, toute reproduction, repr\u00e9sentation, utilisation ou modification, par quelque proc\u00e9d\u00e9 que ce soit et sur quelque support que ce soit, de tout ou partie du Site, de tout ou partie des diff\u00e9rentes \u0153uvres et mod\u00e8les qui le composent, sans avoir obtenu l&#8217;autorisation pr\u00e9alable de l&#8217;APMAD, est strictement interdite et constitue un d\u00e9lit de contrefa\u00e7on.<\/p>\n\n\n\n<p style=\"color:#008d9e\" class=\"has-text-color\"><strong>\u2022 LIENS HYPERTEXTES :<\/strong><\/p>\n\n\n\n<p>L&#8217;APMAD ne peut en aucun cas \u00eatre tenu pour responsable du contenu des sites qui font l&#8217;objet d&#8217;un lien hypertexte \u00e0 partir du pr\u00e9sent Site et ne peut supporter aucune responsabilit\u00e9 sur le contenu, les produits, les services, etc. disponibles sur ces sites ou \u00e0 partir de ces sites.<\/p>\n\n\n\n<p style=\"color:#008d9e\" class=\"has-text-color\"><strong>\u2022 CONTENU DU SITE :<\/strong><\/p>\n\n\n\n<p>Sauf indication contraire, le Site est \u00e0 votre disposition pour votre utilisation personnelle et non commerciale.<br>L&#8217;APMAD, l&#8217;h\u00e9bergeur du Site et, plus g\u00e9n\u00e9ralement, toute soci\u00e9t\u00e9 contribuant \u00e0 la conception, \u00e0 la r\u00e9alisation et \u00e0 la mise en ligne de ce Site s&#8217;efforcent d&#8217;assurer l&#8217;exactitude et la mise \u00e0 jour r\u00e9guli\u00e8re des informations diffus\u00e9es sur ce Site. L&#8217;APMAD et les prestataires pr\u00e9cit\u00e9s se r\u00e9servent le droit de corriger et modifier \u00e0 tout moment le contenu du Site sans que leur responsabilit\u00e9 puisse \u00eatre engag\u00e9e de ce fait, l&#8217;APMAD pouvant apporter \u00e0 tout moment des am\u00e9liorations et\/ou changements au(x) produit(s) d\u00e9crits sur ce Site.<\/p>\n\n\n\n<p style=\"color:#008d9e\" class=\"has-text-color\"><strong>\u2022 DROIT APPLICABLE :<\/strong><\/p>\n\n\n\n<p>Les pr\u00e9sentes Conditions G\u00e9n\u00e9rales d&#8217;utilisation sont soumises \u00e0 la loi fran\u00e7aise. En cas de litige portant sur leur interpr\u00e9tation, les tribunaux fran\u00e7ais seront seuls comp\u00e9tent<\/p>\n","protected":false},"excerpt":{"rendered":"<p>L&#8217;utilisation du Site est soumise au respect des conditions g\u00e9n\u00e9rales d&#8217;acc\u00e8s et d&#8217;utilisation d\u00e9taill\u00e9es ci-dessous et des lois applicables en France, notamment concernant la communication sur le r\u00e9seau Internet. \u2022 CE SITE EST \u00c9DIT\u00c9 PAR : APMAD98 avenue de Fontainebleau 77310 Saint Fargeau-PonthierryT\u00e9l\u00e9phone : 01.64.38.12.40Directrice de la publication : H\u00e9l\u00e8ne Declercq. \u2022 CE SITE EST [&hellip;]<\/p>\n","protected":false},"author":1,"featured_media":40,"parent":0,"menu_order":0,"comment_status":"closed","ping_status":"closed","template":"","meta":{"footnotes":""},"_links":{"self":[{"href":"https:\/\/apmad.fr\/index.php?rest_route=\/wp\/v2\/pages\/163"}],"collection":[{"href":"https:\/\/apmad.fr\/index.php?rest_route=\/wp\/v2\/pages"}],"about":[{"href":"https:\/\/apmad.fr\/index.php?rest_route=\/wp\/v2\/types\/page"}],"author":[{"embeddable":true,"href":"https:\/\/apmad.fr\/index.php?rest_route=\/wp\/v2\/users\/1"}],"replies":[{"embeddable":true,"href":"https:\/\/apmad.fr\/index.php?rest_route=%2Fwp%2Fv2%2Fcomments&post=163"}],"version-history":[{"count":1,"href":"https:\/\/apmad.fr\/index.php?rest_route=\/wp\/v2\/pages\/163\/revisions"}],"predecessor-version":[{"id":164,"href":"https:\/\/apmad.fr\/index.php?rest_route=\/wp\/v2\/pages\/163\/revisions\/164"}],"wp:featuredmedia":[{"embeddable":true,"href":"https:\/\/apmad.fr\/index.php?rest_route=\/wp\/v2\/media\/40"}],"wp:attachment":[{"href":"https:\/\/apmad.fr\/index.php?rest_route=%2Fwp%2Fv2%2Fmedia&parent=163"}],"curies":[{"name":"wp","href":"https:\/\/api.w.org\/{rel}","templated":true}]}}