{"id":184,"date":"2020-01-15T16:32:20","date_gmt":"2020-01-15T15:32:20","guid":{"rendered":"http:\/\/apmad.fr\/?page_id=184"},"modified":"2024-11-03T17:05:38","modified_gmt":"2024-11-03T16:05:38","slug":"lettres-dinformation","status":"publish","type":"page","link":"https:\/\/apmad.fr\/?page_id=184","title":{"rendered":"LETTRES D&#8217;INFORMATION"},"content":{"rendered":"\n<p><\/p>\n\n\n\n<p><\/p>\n\n\n\n<ul>\n<li><a href=\"https:\/\/apmad.fr\/wp-content\/uploads\/2024\/11\/SCAN_plaquette-APMAD.pdf\">plaquette SSIAD \/APMAD (\u00e0 imprimer)<\/a><\/li>\n\n\n\n<li><a href=\"https:\/\/apmad.fr\/wp-content\/uploads\/2024\/10\/LETTRE-INFO-25-ete-automne-24.pdf\">Lettre Et\u00e9- Automne 2024<\/a><\/li>\n\n\n\n<li><a href=\"https:\/\/apmad.fr\/wp-content\/uploads\/2024\/10\/LETTRE-INFO-24.pdf\">lettre info printemps 2024<\/a><\/li>\n\n\n\n<li><a aria-label=\"Lettre info 2023-Janvier2024 (s\u2019ouvre dans un nouvel onglet)\" href=\"https:\/\/apmad.fr\/wp-content\/uploads\/2024\/02\/LETTRE-INFO-23.pdf\" target=\"_blank\" rel=\"noreferrer noopener\">Lettre info 2023-<\/a><\/li>\n\n\n\n<li><a aria-label=\" (s\u2019ouvre dans un nouvel onglet)\" href=\"https:\/\/apmad.fr\/wp-content\/uploads\/2023\/01\/Lettre-Info-n\u00b0-22-automne-22-hiver-23.pdf\" target=\"_blank\" rel=\"noreferrer noopener\">Lettre<\/a><a href=\"https:\/\/apmad.fr\/wp-content\/uploads\/2023\/01\/Lettre-Info-n\u00b0-22-automne-22-hiver-23.pdf\"> <\/a><a aria-label=\" (s\u2019ouvre dans un nouvel onglet)\" href=\"https:\/\/apmad.fr\/wp-content\/uploads\/2023\/01\/Lettre-Info-n\u00b0-22-automne-22-hiver-23.pdf\" target=\"_blank\" rel=\"noreferrer noopener\">info automne Hiver 2022<\/a><\/li>\n\n\n\n<li><a aria-label=\"Lettre info Et\u00e9 2022  (s\u2019ouvre dans un nouvel onglet)\" href=\"https:\/\/apmad.fr\/wp-content\/uploads\/2022\/10\/APMAD-lettre-dinfo-n-\u00b0-21-\u00e9t\u00e9-2022.pdf\" target=\"_blank\" rel=\"noreferrer noopener\">Lettre info Et\u00e9 2022 <\/a><\/li>\n\n\n\n<li><a aria-label=\" Lettre info Printemps 2022 (s\u2019ouvre dans un nouvel onglet)\" href=\"https:\/\/apmad.fr\/wp-content\/uploads\/2022\/10\/Lettre-info-n\u00b0-20-AG-printemps-22-d\u00e9f.pdf\" target=\"_blank\" rel=\"noreferrer noopener\">Lettre info Printemps 2022<\/a><\/li>\n\n\n\n<li><a aria-label=\"Lettre info Automne Hiver 2021  (s\u2019ouvre dans un nouvel onglet)\" href=\"https:\/\/apmad.fr\/wp-content\/uploads\/2022\/01\/lettre-dinfo-n-\u00b0-19-\u00e9t\u00e9-automne-hiver-2021-d\u00e9f-1.pdf\" target=\"_blank\" rel=\"noreferrer noopener\">Lettre info Automne Hiver 2021 <\/a><\/li>\n\n\n\n<li><a aria-label=\"Lettre info Printemps 2021 (s\u2019ouvre dans un nouvel onglet)\" href=\"https:\/\/apmad.fr\/wp-content\/uploads\/2021\/05\/lettre-dinfo-n-\u00b018-Printemps-2021.pdf\" target=\"_blank\" rel=\"noreferrer noopener\">Lettre info Printemps 2021<\/a><\/li>\n\n\n\n<li><a aria-label=\"Lettre info Et\u00e9 Automne Hiver 2020\u2028 (s\u2019ouvre dans un nouvel onglet)\" href=\"https:\/\/apmad.fr\/wp-content\/uploads\/2021\/05\/Lettre-Info-17-\u00e9t\u00e9-automne-hiver-2020-.pdf\" target=\"_blank\" rel=\"noreferrer noopener\">Lettre info Et\u00e9 Automne Hiver 2020<\/a><\/li>\n\n\n\n<li><a aria-label=\"Lettre info Printemps 2020 (s\u2019ouvre dans un nouvel onglet)\" href=\"http:\/\/apmad.fr\/wp-content\/uploads\/2020\/06\/lettre-dinfo-n-\u00b016-Printemps-2020-2.pdf\" target=\"_blank\" rel=\"noreferrer noopener\">Lettre info Printemps 2020<\/a><\/li>\n\n\n\n<li><\/li>\n\n\n\n<li><a href=\"http:\/\/apmad.fr\/wp-content\/uploads\/2020\/03\/CORONAVIRUS-informations-essentielles-destin\u00e9es-aux-personnes-accompagnees-par-le-SSIAD-de-St-FARGEAU-PONTHIERRY.pdf\">CORONAVIRUS: Dispositions \u00e0 prendre<\/a><\/li>\n\n\n\n<li><a aria-label=\"Lettre Hiver 2019 (s\u2019ouvre dans un nouvel onglet)\" href=\"http:\/\/apmad.fr\/wp-content\/uploads\/2020\/03\/lettre-dinfo-n-\u00b0-15-page-2-2.pdf\" target=\"_blank\" rel=\"noreferrer noopener\">Lettre Hiver 2019<\/a><\/li>\n\n\n\n<li><a aria-label=\"Lettre info Automne Hiver  2019  (s\u2019ouvre dans un nouvel onglet)\" href=\"http:\/\/apmad.fr\/wp-content\/uploads\/2020\/03\/lettre-dinfo-n-\u00b0-15-page-2-2.pdf\" target=\"_blank\" rel=\"noreferrer noopener\">Lettre info Automne  2019 <\/a><\/li>\n\n\n\n<li><a aria-label=\" (s\u2019ouvre dans un nouvel onglet)\" href=\"http:\/\/apmad.fr\/wp-content\/uploads\/2020\/01\/Lettre-info-Ete-2019.pdf\" target=\"_blank\" rel=\"noreferrer noopener\">Lettre info Ete 2019<\/a><\/li>\n\n\n\n<li><a aria-label=\"Lettre info printemps 2019\u2028 (s\u2019ouvre dans un nouvel onglet)\" href=\"http:\/\/apmad.fr\/wp-content\/uploads\/2020\/01\/Lettre-info-printemps-2019.pdf\" target=\"_blank\" rel=\"noreferrer noopener\">Lettre info printemps 2019<\/a><\/li>\n\n\n\n<li><a aria-label=\"Printemps 2019\u2028 (s\u2019ouvre dans un nouvel onglet)\" href=\"http:\/\/apmad.fr\/wp-content\/uploads\/2020\/01\/Printemps-2019.pdf\" target=\"_blank\" rel=\"noreferrer noopener\">Printemps 2019<\/a><\/li>\n\n\n\n<li><a aria-label=\"Hivers 2018 - Printemps 2019\u2028 (s\u2019ouvre dans un nouvel onglet)\" href=\"http:\/\/apmad.fr\/wp-content\/uploads\/2020\/01\/Hivers-2018-Printemps-2019.pdf\" target=\"_blank\" rel=\"noreferrer noopener\">Hivers 2018 &#8211; Printemps 2019<\/a><\/li>\n\n\n\n<li><a aria-label=\"Hivers 2017 - Printemps 2018 (s\u2019ouvre dans un nouvel onglet)\" href=\"http:\/\/apmad.fr\/wp-content\/uploads\/2020\/01\/Hivers-2017-Printemps-2018.pdf\" target=\"_blank\" rel=\"noreferrer noopener\">Hivers 2017 &#8211; Printemps 2018<\/a><\/li>\n<\/ul>\n\n\n\n<p><\/p>\n","protected":false},"excerpt":{"rendered":"","protected":false},"author":1,"featured_media":40,"parent":0,"menu_order":0,"comment_status":"closed","ping_status":"closed","template":"","meta":{"footnotes":""},"_links":{"self":[{"href":"https:\/\/apmad.fr\/index.php?rest_route=\/wp\/v2\/pages\/184"}],"collection":[{"href":"https:\/\/apmad.fr\/index.php?rest_route=\/wp\/v2\/pages"}],"about":[{"href":"https:\/\/apmad.fr\/index.php?rest_route=\/wp\/v2\/types\/page"}],"author":[{"embeddable":true,"href":"https:\/\/apmad.fr\/index.php?rest_route=\/wp\/v2\/users\/1"}],"replies":[{"embeddable":true,"href":"https:\/\/apmad.fr\/index.php?rest_route=%2Fwp%2Fv2%2Fcomments&post=184"}],"version-history":[{"count":101,"href":"https:\/\/apmad.fr\/index.php?rest_route=\/wp\/v2\/pages\/184\/revisions"}],"predecessor-version":[{"id":629,"href":"https:\/\/apmad.fr\/index.php?rest_route=\/wp\/v2\/pages\/184\/revisions\/629"}],"wp:featuredmedia":[{"embeddable":true,"href":"https:\/\/apmad.fr\/index.php?rest_route=\/wp\/v2\/media\/40"}],"wp:attachment":[{"href":"https:\/\/apmad.fr\/index.php?rest_route=%2Fwp%2Fv2%2Fmedia&parent=184"}],"curies":[{"name":"wp","href":"https:\/\/api.w.org\/{rel}","templated":true}]}}