{"id":29,"date":"2020-01-13T08:28:59","date_gmt":"2020-01-13T08:28:59","guid":{"rendered":"http:\/\/apmad.fr\/?page_id=29"},"modified":"2024-04-17T13:30:42","modified_gmt":"2024-04-17T12:30:42","slug":"accueil","status":"publish","type":"page","link":"https:\/\/apmad.fr\/","title":{"rendered":"ACCUEIL"},"content":{"rendered":"\n<p style=\"color:#008d9e\" class=\"has-text-color\"><strong>L&#8217;APMAD, QU&#8217;EST-CE QUE C&#8217;EST \u2026<\/strong><\/p>\n\n\n\n<p> \u2026 Afin de r\u00e9pondre \u00e0 cette question souvent pos\u00e9e, ce  site est con\u00e7u pour que vous y trouviez facilement les informations attendues, compl\u00e9t\u00e9es par la &#8220;foire aux questions&#8221;, la FAQ. <\/p>\n\n\n\n<p> Ainsi, les pr\u00e9sentations de l&#8217;APMAD, association gestionnaire et de son&nbsp;<strong>S<\/strong>ervice de&nbsp;<strong>S<\/strong>oins&nbsp;<strong>I<\/strong>nfirmiers&nbsp;<strong>A D<\/strong>omicile doivent r\u00e9pondre aux interrogations r\u00e9currentes<br><\/p>\n\n\n\n<p style=\"color:#e85210\" class=\"has-text-color has-text-align-center has-medium-font-size\"><strong>&#8220;qui fait quoi ? pour qui ? comment ? avec qui ?&#8221;<\/strong><\/p>\n\n\n\n<p>Nous esp\u00e9rons ainsi vous satisfaire dans votre recherche.<br><br><\/p>\n","protected":false},"excerpt":{"rendered":"<p>L&#8217;APMAD, QU&#8217;EST-CE QUE C&#8217;EST \u2026 \u2026 Afin de r\u00e9pondre \u00e0 cette question souvent pos\u00e9e, ce site est con\u00e7u pour que vous y trouviez facilement les informations attendues, compl\u00e9t\u00e9es par la &#8220;foire aux questions&#8221;, la FAQ. Ainsi, les pr\u00e9sentations de l&#8217;APMAD, association gestionnaire et de son&nbsp;Service de&nbsp;Soins&nbsp;Infirmiers&nbsp;A Domicile doivent r\u00e9pondre aux interrogations r\u00e9currentes &#8220;qui fait quoi [&hellip;]<\/p>\n","protected":false},"author":1,"featured_media":40,"parent":0,"menu_order":0,"comment_status":"closed","ping_status":"closed","template":"","meta":{"footnotes":""},"_links":{"self":[{"href":"https:\/\/apmad.fr\/index.php?rest_route=\/wp\/v2\/pages\/29"}],"collection":[{"href":"https:\/\/apmad.fr\/index.php?rest_route=\/wp\/v2\/pages"}],"about":[{"href":"https:\/\/apmad.fr\/index.php?rest_route=\/wp\/v2\/types\/page"}],"author":[{"embeddable":true,"href":"https:\/\/apmad.fr\/index.php?rest_route=\/wp\/v2\/users\/1"}],"replies":[{"embeddable":true,"href":"https:\/\/apmad.fr\/index.php?rest_route=%2Fwp%2Fv2%2Fcomments&post=29"}],"version-history":[{"count":10,"href":"https:\/\/apmad.fr\/index.php?rest_route=\/wp\/v2\/pages\/29\/revisions"}],"predecessor-version":[{"id":590,"href":"https:\/\/apmad.fr\/index.php?rest_route=\/wp\/v2\/pages\/29\/revisions\/590"}],"wp:featuredmedia":[{"embeddable":true,"href":"https:\/\/apmad.fr\/index.php?rest_route=\/wp\/v2\/media\/40"}],"wp:attachment":[{"href":"https:\/\/apmad.fr\/index.php?rest_route=%2Fwp%2Fv2%2Fmedia&parent=29"}],"curies":[{"name":"wp","href":"https:\/\/api.w.org\/{rel}","templated":true}]}}